{"id":15329,"date":"2026-03-11T14:08:00","date_gmt":"2026-03-11T14:08:00","guid":{"rendered":"https:\/\/solemarebythesea.bg\/?page_id=15329"},"modified":"2026-03-13T13:34:07","modified_gmt":"2026-03-13T13:34:07","slug":"news","status":"publish","type":"page","link":"https:\/\/solemarebythesea.bg\/pl\/news\/","title":{"rendered":"Aktualno\u015bci"},"content":{"rendered":"<div data-elementor-type=\"wp-page\" data-elementor-id=\"15329\" class=\"elementor elementor-15329\" data-elementor-post-type=\"page\">\n\t\t\t\t        <section class=\"elementor-section elementor-top-section elementor-element elementor-element-8b20680 elementor-section-full_width pxl-section-offset-left elementor-section-height-default elementor-section-height-default pxl-container-width-container-1200 pxl-section-line-left-no pxl-section-line-right-no pxl-section-static-pos-no pxl-section-overflow-hidden-no pxl-section-gap-no\" data-id=\"8b20680\" data-element_type=\"section\" data-e-type=\"section\">\n\n                \n                <div class=\"elementor-container elementor-column-gap-no\">\n                <div class=\"elementor-column elementor-col-100 elementor-top-column elementor-element elementor-element-9321d5a pxl-column-element-default pxl-column-overflow-hidden-no pxl-border-column-anm\" data-id=\"9321d5a\" data-element_type=\"column\" data-e-type=\"column\">\r\n        <div class=\"elementor-widget-wrap elementor-element-populated\">\r\n            <div class=\"pxl-border-animated num-1\">\r\n            <div class=\"pxl-border-anm bt w-100  bw-no\" style=\"--bd-width: 0px 0 0 0; border-style: solid; border-color: #18181833;\"><\/div>\r\n            <div class=\"pxl-border-anm br h-100  bw-no\" style=\"--bd-width: 0 0px 0 0; border-style: solid; border-color: #18181833;\"><\/div>\r\n            <div class=\"pxl-border-anm bb w-100  bw-no\" style=\"--bd-width: 0 0 0px 0; border-style: solid; border-color: #18181833;\"><\/div>\r\n            <div class=\"pxl-border-anm bl h-100  bw-yes\" style=\"--bd-width: 0 0 0 1px; border-style: solid; border-color: #18181833;\"><\/div>\r\n            <\/div>         \r\n        \t\t<div class=\"elementor-element elementor-element-79ecd6c pxl-wg-bd-anm-no elementor-widget elementor-widget-pxl_heading\" data-id=\"79ecd6c\" data-element_type=\"widget\" data-e-type=\"widget\" data-widget_type=\"pxl_heading.default\">\n\t\t\t\t<div class=\"elementor-widget-container\">\n\t\t\t\t\t<div class=\"pxl-heading-wrap d-flex\">\n    <div class=\"pxl-heading-inner\">\n                <h3 class=\"heading-title pxl-split-text split-in-right\">\n            Aktualno\u015bci        <\/h3>\n            <\/div>\n<\/div>\n\n\t\t\t\t<\/div>\n\t\t\t\t<\/div>\n\t\t\t\t<div class=\"elementor-element elementor-element-27033b9 elementor-widget-divider--view-line pxl-wg-bd-anm-no elementor-widget elementor-widget-divider\" data-id=\"27033b9\" data-element_type=\"widget\" data-e-type=\"widget\" data-widget_type=\"divider.default\">\n\t\t\t\t<div class=\"elementor-widget-container\">\n\t\t\t\t\t\t\t<div class=\"elementor-divider\">\n\t\t\t<span class=\"elementor-divider-separator\">\n\t\t\t\t\t\t<\/span>\n\t\t<\/div>\n\t\t\t\t\t\t<\/div>\n\t\t\t\t<\/div>\n\t\t\t\t<div class=\"elementor-element elementor-element-3fe1d15 pxl-wg-bd-anm-no elementor-invisible pxl-elementor-animate elementor-widget elementor-widget-pxl_text_editor\" data-id=\"3fe1d15\" data-element_type=\"widget\" data-e-type=\"widget\" data-settings=\"{&quot;_animation&quot;:&quot;fadeInUp&quot;}\" data-widget_type=\"pxl_text_editor.default\">\n\t\t\t\t<div class=\"elementor-widget-container\">\n\t\t\t\t\t<div id=\"pxl_text_editor-3fe1d15-4391\" class=\"pxl-text-editor-wrap d-flex\" >\n\t<div class=\"pxl-text-editor elementor-clearfix\">\n\t\t<p><strong>Wa\u017cne og\u0142oszenie<\/strong><\/p><p>Chcieliby\u015bmy poinformowa\u0107 wszystkich klient\u00f3w, partner\u00f3w oraz w\u0142a\u015bcicieli nieruchomo\u015bci, \u017ce nasza wsp\u00f3\u0142praca z Sanders Stay oficjalnie dobieg\u0142a ko\u0144ca.<\/p><p>Od tego momentu Sanders Stay nie jest ju\u017c zwi\u0105zany z zarz\u0105dzaniem, promocj\u0105 ani wynajmem naszych nieruchomo\u015bci.<\/p><p>W sprawach zapyta\u0144, rezerwacji, zarz\u0105dzania nieruchomo\u015bciami lub uzyskania dodatkowych informacji prosimy wszystkich klient\u00f3w o kontakt bezpo\u015brednio z naszym zespo\u0142em za po\u015brednictwem oficjalnych kana\u0142\u00f3w komunikacji.<\/p><p class=\"x_MsoNormal\"><a title=\"mailto:sales@solemarebythesea.bg\" href=\"mailto:sales@solemarebythesea.bg\" data-linkindex=\"1\" data-olk-copy-source=\"MessageBody\">sales@solemarebythesea.bg<\/a><\/p><p class=\"x_MsoNormal\"><a title=\"mailto:reservationmng@solemarebythesea.bg\" href=\"mailto:reservationmng@solemarebythesea.bg\" data-linkindex=\"2\">reservationmng@solemarebythesea.bg<\/a><\/p><p>Dzi\u0119kujemy za zrozumienie i nieustaj\u0105ce wsparcie.<\/p>\t\t\n\t<\/div>\n<\/div>\t\t\t\t<\/div>\n\t\t\t\t<\/div>\n\t\t            <\/div>\r\n        <\/div>\r\n        \t\t\t<\/div>\n\t\t<\/section>\n\t\t\t\t<\/div>","protected":false},"excerpt":{"rendered":"<p>News Important Notice We would like to inform all clients, partners, and property owners that our cooperation with Sanders Stay has officially ended. From this point forward, Sanders Stay is no longer associated with the management, promotion, or rental activities of our properties. For any enquiries, reservations, property management matters, or further information, we kindly [&hellip;]<\/p>\n","protected":false},"author":3,"featured_media":0,"parent":0,"menu_order":0,"comment_status":"closed","ping_status":"closed","template":"","meta":{"footnotes":""},"class_list":["post-15329","page","type-page","status-publish","hentry"],"yoast_head":"<!-- This site is optimized with the Yoast SEO plugin v27.4 - https:\/\/yoast.com\/product\/yoast-seo-wordpress\/ -->\n<title>News - Solemare by The Sea<\/title>\n<meta name=\"robots\" content=\"index, follow, max-snippet:-1, max-image-preview:large, max-video-preview:-1\" \/>\n<link rel=\"canonical\" href=\"https:\/\/solemarebythesea.bg\/pl\/news\/\" \/>\n<meta property=\"og:locale\" content=\"pl_PL\" \/>\n<meta property=\"og:type\" content=\"article\" \/>\n<meta property=\"og:title\" content=\"News - Solemare by The Sea\" \/>\n<meta property=\"og:description\" content=\"News Important Notice We would like to inform all clients, partners, and property owners that our cooperation with Sanders Stay has officially ended. From this point forward, Sanders Stay is no longer associated with the management, promotion, or rental activities of our properties. For any enquiries, reservations, property management matters, or further information, we kindly [&hellip;]\" \/>\n<meta property=\"og:url\" content=\"https:\/\/solemarebythesea.bg\/pl\/news\/\" \/>\n<meta property=\"og:site_name\" content=\"Solemare by The Sea\" \/>\n<meta property=\"article:modified_time\" content=\"2026-03-13T13:34:07+00:00\" \/>\n<meta name=\"twitter:card\" content=\"summary_large_image\" \/>\n<meta name=\"twitter:label1\" content=\"Szacowany czas czytania\" \/>\n\t<meta name=\"twitter:data1\" content=\"1 minuta\" \/>\n<script type=\"application\/ld+json\" class=\"yoast-schema-graph\">{\"@context\":\"https:\\\/\\\/schema.org\",\"@graph\":[{\"@type\":\"WebPage\",\"@id\":\"https:\\\/\\\/solemarebythesea.bg\\\/news\\\/\",\"url\":\"https:\\\/\\\/solemarebythesea.bg\\\/news\\\/\",\"name\":\"News - Solemare by The Sea\",\"isPartOf\":{\"@id\":\"https:\\\/\\\/solemarebythesea.bg\\\/#website\"},\"datePublished\":\"2026-03-11T14:08:00+00:00\",\"dateModified\":\"2026-03-13T13:34:07+00:00\",\"breadcrumb\":{\"@id\":\"https:\\\/\\\/solemarebythesea.bg\\\/news\\\/#breadcrumb\"},\"inLanguage\":\"pl-PL\",\"potentialAction\":[{\"@type\":\"ReadAction\",\"target\":[\"https:\\\/\\\/solemarebythesea.bg\\\/news\\\/\"]}]},{\"@type\":\"BreadcrumbList\",\"@id\":\"https:\\\/\\\/solemarebythesea.bg\\\/news\\\/#breadcrumb\",\"itemListElement\":[{\"@type\":\"ListItem\",\"position\":1,\"name\":\"Home\",\"item\":\"https:\\\/\\\/solemarebythesea.bg\\\/\"},{\"@type\":\"ListItem\",\"position\":2,\"name\":\"News\"}]},{\"@type\":\"WebSite\",\"@id\":\"https:\\\/\\\/solemarebythesea.bg\\\/#website\",\"url\":\"https:\\\/\\\/solemarebythesea.bg\\\/\",\"name\":\"Solemare by The Sea\",\"description\":\"Residences\",\"publisher\":{\"@id\":\"https:\\\/\\\/solemarebythesea.bg\\\/#organization\"},\"potentialAction\":[{\"@type\":\"SearchAction\",\"target\":{\"@type\":\"EntryPoint\",\"urlTemplate\":\"https:\\\/\\\/solemarebythesea.bg\\\/?s={search_term_string}\"},\"query-input\":{\"@type\":\"PropertyValueSpecification\",\"valueRequired\":true,\"valueName\":\"search_term_string\"}}],\"inLanguage\":\"pl-PL\"},{\"@type\":\"Organization\",\"@id\":\"https:\\\/\\\/solemarebythesea.bg\\\/#organization\",\"name\":\"Solemare by The Sea\",\"url\":\"https:\\\/\\\/solemarebythesea.bg\\\/\",\"logo\":{\"@type\":\"ImageObject\",\"inLanguage\":\"pl-PL\",\"@id\":\"https:\\\/\\\/solemarebythesea.bg\\\/#\\\/schema\\\/logo\\\/image\\\/\",\"url\":\"\",\"contentUrl\":\"\",\"caption\":\"Solemare by The Sea\"},\"image\":{\"@id\":\"https:\\\/\\\/solemarebythesea.bg\\\/#\\\/schema\\\/logo\\\/image\\\/\"}}]}<\/script>\n<!-- \/ Yoast SEO plugin. -->","yoast_head_json":{"title":"News - Solemare by The Sea","robots":{"index":"index","follow":"follow","max-snippet":"max-snippet:-1","max-image-preview":"max-image-preview:large","max-video-preview":"max-video-preview:-1"},"canonical":"https:\/\/solemarebythesea.bg\/pl\/news\/","og_locale":"pl_PL","og_type":"article","og_title":"News - Solemare by The Sea","og_description":"News Important Notice We would like to inform all clients, partners, and property owners that our cooperation with Sanders Stay has officially ended. From this point forward, Sanders Stay is no longer associated with the management, promotion, or rental activities of our properties. For any enquiries, reservations, property management matters, or further information, we kindly [&hellip;]","og_url":"https:\/\/solemarebythesea.bg\/pl\/news\/","og_site_name":"Solemare by The Sea","article_modified_time":"2026-03-13T13:34:07+00:00","twitter_card":"summary_large_image","twitter_misc":{"Szacowany czas czytania":"1 minuta"},"schema":{"@context":"https:\/\/schema.org","@graph":[{"@type":"WebPage","@id":"https:\/\/solemarebythesea.bg\/news\/","url":"https:\/\/solemarebythesea.bg\/news\/","name":"News - Solemare by The Sea","isPartOf":{"@id":"https:\/\/solemarebythesea.bg\/#website"},"datePublished":"2026-03-11T14:08:00+00:00","dateModified":"2026-03-13T13:34:07+00:00","breadcrumb":{"@id":"https:\/\/solemarebythesea.bg\/news\/#breadcrumb"},"inLanguage":"pl-PL","potentialAction":[{"@type":"ReadAction","target":["https:\/\/solemarebythesea.bg\/news\/"]}]},{"@type":"BreadcrumbList","@id":"https:\/\/solemarebythesea.bg\/news\/#breadcrumb","itemListElement":[{"@type":"ListItem","position":1,"name":"Home","item":"https:\/\/solemarebythesea.bg\/"},{"@type":"ListItem","position":2,"name":"News"}]},{"@type":"WebSite","@id":"https:\/\/solemarebythesea.bg\/#website","url":"https:\/\/solemarebythesea.bg\/","name":"Solemare by The Sea","description":"Residences","publisher":{"@id":"https:\/\/solemarebythesea.bg\/#organization"},"potentialAction":[{"@type":"SearchAction","target":{"@type":"EntryPoint","urlTemplate":"https:\/\/solemarebythesea.bg\/?s={search_term_string}"},"query-input":{"@type":"PropertyValueSpecification","valueRequired":true,"valueName":"search_term_string"}}],"inLanguage":"pl-PL"},{"@type":"Organization","@id":"https:\/\/solemarebythesea.bg\/#organization","name":"Solemare by The Sea","url":"https:\/\/solemarebythesea.bg\/","logo":{"@type":"ImageObject","inLanguage":"pl-PL","@id":"https:\/\/solemarebythesea.bg\/#\/schema\/logo\/image\/","url":"","contentUrl":"","caption":"Solemare by The Sea"},"image":{"@id":"https:\/\/solemarebythesea.bg\/#\/schema\/logo\/image\/"}}]}},"_links":{"self":[{"href":"https:\/\/solemarebythesea.bg\/pl\/wp-json\/wp\/v2\/pages\/15329","targetHints":{"allow":["GET"]}}],"collection":[{"href":"https:\/\/solemarebythesea.bg\/pl\/wp-json\/wp\/v2\/pages"}],"about":[{"href":"https:\/\/solemarebythesea.bg\/pl\/wp-json\/wp\/v2\/types\/page"}],"author":[{"embeddable":true,"href":"https:\/\/solemarebythesea.bg\/pl\/wp-json\/wp\/v2\/users\/3"}],"replies":[{"embeddable":true,"href":"https:\/\/solemarebythesea.bg\/pl\/wp-json\/wp\/v2\/comments?post=15329"}],"version-history":[{"count":10,"href":"https:\/\/solemarebythesea.bg\/pl\/wp-json\/wp\/v2\/pages\/15329\/revisions"}],"predecessor-version":[{"id":15382,"href":"https:\/\/solemarebythesea.bg\/pl\/wp-json\/wp\/v2\/pages\/15329\/revisions\/15382"}],"wp:attachment":[{"href":"https:\/\/solemarebythesea.bg\/pl\/wp-json\/wp\/v2\/media?parent=15329"}],"curies":[{"name":"wp","href":"https:\/\/api.w.org\/{rel}","templated":true}]}}